{"id":123,"date":"2026-05-02T09:08:36","date_gmt":"2026-05-02T09:08:36","guid":{"rendered":"https:\/\/barbarosozeller.com\/?page_id=123"},"modified":"2026-05-02T09:10:48","modified_gmt":"2026-05-02T09:10:48","slug":"medya","status":"publish","type":"page","link":"https:\/\/barbarosozeller.com\/index.php\/medya\/","title":{"rendered":"Medya"},"content":{"rendered":"<!--themify_builder_content-->\n<div id=\"themify_builder_content-123\" data-postid=\"123\" class=\"themify_builder_content themify_builder_content-123 themify_builder tf_clear\">\n                    <div  data-lazy=\"1\" class=\"module_row themify_builder_row tb_d1qo114 tb_first tf_w\">\n                        <div class=\"row_inner col_align_top tb_col_count_1 tf_box tf_rel\">\n                        <div  data-lazy=\"1\" class=\"module_column tb-column col-full tb_x1gk114 first\">\n                    <!-- module text -->\n<div  class=\"module module-text tb_6z1b925   \" data-lazy=\"1\">\n        <div  class=\"tb_text_wrap\">\n        <p style=\"text-align: center;\">ATV SON DURAK PROGRAMI<\/p><p style=\"text-align: center;\">D\u00f6v\u00fc\u015f Sanatlar\u0131 &amp; Self defans uzman\u0131 olarak kat\u0131ld\u0131\u011f\u0131m program<\/p>    <\/div>\n<\/div>\n<!-- \/module text --><!-- module video -->\n<div  class=\"module module-video tb_tjog604 video-top  \" data-lazy=\"1\">\n                    <div class=\"video-wrap-outer\">\n            <div class=\"video-wrap tf_rel tf_overflow\">\n                                    <noscript><iframe data-no-script src=\"https:\/\/player.vimeo.com\/video\/590345836?h=&#038;pip=1&#038;playsinline=1&#038;portrait=0&#038;title=0&#038;byline=0\" allow=\"fullscreen\" class=\"tf_abs tf_w tf_h\"><\/iframe><\/noscript>\n                                <\/div>\n            <!-- \/video-wrap -->\n        <\/div>\n        <!-- \/video-wrap-outer -->\n            <\/div>\n        <\/div>\n                        <\/div>\n        <\/div>\n                        <div  data-lazy=\"1\" class=\"module_row themify_builder_row tb_008f396 tf_w\">\n                        <div class=\"row_inner col_align_top tb_col_count_1 tf_box tf_rel\">\n                        <div  data-lazy=\"1\" class=\"module_column tb-column col-full tb_594t397 first\">\n                    <!-- module text -->\n<div  class=\"module module-text tb_1o7w379   \" data-lazy=\"1\">\n        <div  class=\"tb_text_wrap\">\n            <\/div>\n<\/div>\n<!-- \/module text -->        <div  data-lazy=\"1\" class=\"module_subrow themify_builder_sub_row tf_w col_align_top tb_col_count_1 tb_43p7961\">\n                <div  data-lazy=\"1\" class=\"module_column sub_column col-full tb_adnm962 first\">\n                            <\/div>\n                    <\/div>\n        <!-- module image -->\n<div  class=\"module module-image tb_zasb893 image-top   tf_mw\" data-lazy=\"1\">\n        <div class=\"image-wrap tf_rel tf_mw\">\n            <img loading=\"lazy\" decoding=\"async\" width=\"1158\" height=\"1085\" src=\"https:\/\/barbarosozeller.com\/wp-content\/uploads\/2026\/05\/Ekran-Resmi-2026-05-02-12.05.50.png\" class=\"wp-post-image wp-image-124\" alt=\"Nurg\u00fcl Ye\u015fil\u00e7ay kickboks\" srcset=\"https:\/\/barbarosozeller.com\/wp-content\/uploads\/2026\/05\/Ekran-Resmi-2026-05-02-12.05.50.png 1158w, https:\/\/barbarosozeller.com\/wp-content\/uploads\/2026\/05\/Ekran-Resmi-2026-05-02-12.05.50-300x281.png 300w, https:\/\/barbarosozeller.com\/wp-content\/uploads\/2026\/05\/Ekran-Resmi-2026-05-02-12.05.50-1024x959.png 1024w, https:\/\/barbarosozeller.com\/wp-content\/uploads\/2026\/05\/Ekran-Resmi-2026-05-02-12.05.50-768x720.png 768w\" sizes=\"auto, (max-width: 1158px) 100vw, 1158px\" \/>    \n        <\/div>\n    <!-- \/image-wrap -->\n    \n        <\/div>\n<!-- \/module image -->        <div  data-lazy=\"1\" class=\"module_subrow themify_builder_sub_row tf_w col_align_top tb_col_count_1 tb_fpx7757\">\n                <div  data-lazy=\"1\" class=\"module_column sub_column col-full tb_xleu757 first\">\n                            <\/div>\n                    <\/div>\n        <!-- module image -->\n<div  class=\"module module-image tb_w5ls727 image-top   tf_mw\" data-lazy=\"1\">\n        <div class=\"image-wrap tf_rel tf_mw\">\n            <img loading=\"lazy\" decoding=\"async\" width=\"1144\" height=\"1187\" src=\"https:\/\/barbarosozeller.com\/wp-content\/uploads\/2026\/05\/Ekran-Resmi-2026-05-02-12.05.09.png\" class=\"wp-post-image wp-image-125\" title=\"Milliyet gazetesi r\u00f6portaj\" alt=\"Milliyet gazetesi r\u00f6portaj\" srcset=\"https:\/\/barbarosozeller.com\/wp-content\/uploads\/2026\/05\/Ekran-Resmi-2026-05-02-12.05.09.png 1144w, https:\/\/barbarosozeller.com\/wp-content\/uploads\/2026\/05\/Ekran-Resmi-2026-05-02-12.05.09-289x300.png 289w, https:\/\/barbarosozeller.com\/wp-content\/uploads\/2026\/05\/Ekran-Resmi-2026-05-02-12.05.09-987x1024.png 987w, https:\/\/barbarosozeller.com\/wp-content\/uploads\/2026\/05\/Ekran-Resmi-2026-05-02-12.05.09-768x797.png 768w\" sizes=\"auto, (max-width: 1144px) 100vw, 1144px\" \/>    \n        <\/div>\n    <!-- \/image-wrap -->\n    \n        <\/div>\n<!-- \/module image -->        <\/div>\n                        <\/div>\n        <\/div>\n        <\/div>\n<!--\/themify_builder_content-->","protected":false},"excerpt":{"rendered":"<p>ATV SON DURAK PROGRAMID\u00f6v\u00fc\u015f Sanatlar\u0131 &amp; Self defans uzman\u0131 olarak kat\u0131ld\u0131\u011f\u0131m program<\/p>\n","protected":false},"author":1,"featured_media":0,"parent":0,"menu_order":0,"comment_status":"closed","ping_status":"closed","template":"","meta":{"footnotes":""},"class_list":["post-123","page","type-page","status-publish","hentry","has-post-title","has-post-date","has-post-category","has-post-tag","has-post-comment","has-post-author",""],"builder_content":"<p style=\"text-align: center;\">ATV SON DURAK PROGRAMI<\/p><p style=\"text-align: center;\">D\u00f6v\u00fc\u015f Sanatlar\u0131 &amp; Self defans uzman\u0131 olarak kat\u0131ld\u0131\u011f\u0131m program<\/p>\n[embed]https:\/\/vimeo.com\/590345836[\/embed]\n\n<img src=\"https:\/\/barbarosozeller.com\/wp-content\/uploads\/2026\/05\/Ekran-Resmi-2026-05-02-12.05.50.png\" alt=\"Nurg\u00fcl Ye\u015fil\u00e7ay kickboks\" srcset=\"https:\/\/barbarosozeller.com\/wp-content\/uploads\/2026\/05\/Ekran-Resmi-2026-05-02-12.05.50.png 1158w, https:\/\/barbarosozeller.com\/wp-content\/uploads\/2026\/05\/Ekran-Resmi-2026-05-02-12.05.50-300x281.png 300w, https:\/\/barbarosozeller.com\/wp-content\/uploads\/2026\/05\/Ekran-Resmi-2026-05-02-12.05.50-1024x959.png 1024w, https:\/\/barbarosozeller.com\/wp-content\/uploads\/2026\/05\/Ekran-Resmi-2026-05-02-12.05.50-768x720.png 768w\" sizes=\"(max-width: 1158px) 100vw, 1158px\" \/>\n<img src=\"https:\/\/barbarosozeller.com\/wp-content\/uploads\/2026\/05\/Ekran-Resmi-2026-05-02-12.05.09.png\" title=\"Milliyet gazetesi r\u00f6portaj\" alt=\"Milliyet gazetesi r\u00f6portaj\" srcset=\"https:\/\/barbarosozeller.com\/wp-content\/uploads\/2026\/05\/Ekran-Resmi-2026-05-02-12.05.09.png 1144w, https:\/\/barbarosozeller.com\/wp-content\/uploads\/2026\/05\/Ekran-Resmi-2026-05-02-12.05.09-289x300.png 289w, https:\/\/barbarosozeller.com\/wp-content\/uploads\/2026\/05\/Ekran-Resmi-2026-05-02-12.05.09-987x1024.png 987w, https:\/\/barbarosozeller.com\/wp-content\/uploads\/2026\/05\/Ekran-Resmi-2026-05-02-12.05.09-768x797.png 768w\" sizes=\"(max-width: 1144px) 100vw, 1144px\" \/>","_links":{"self":[{"href":"https:\/\/barbarosozeller.com\/index.php\/wp-json\/wp\/v2\/pages\/123","targetHints":{"allow":["GET"]}}],"collection":[{"href":"https:\/\/barbarosozeller.com\/index.php\/wp-json\/wp\/v2\/pages"}],"about":[{"href":"https:\/\/barbarosozeller.com\/index.php\/wp-json\/wp\/v2\/types\/page"}],"author":[{"embeddable":true,"href":"https:\/\/barbarosozeller.com\/index.php\/wp-json\/wp\/v2\/users\/1"}],"replies":[{"embeddable":true,"href":"https:\/\/barbarosozeller.com\/index.php\/wp-json\/wp\/v2\/comments?post=123"}],"version-history":[{"count":5,"href":"https:\/\/barbarosozeller.com\/index.php\/wp-json\/wp\/v2\/pages\/123\/revisions"}],"predecessor-version":[{"id":131,"href":"https:\/\/barbarosozeller.com\/index.php\/wp-json\/wp\/v2\/pages\/123\/revisions\/131"}],"wp:attachment":[{"href":"https:\/\/barbarosozeller.com\/index.php\/wp-json\/wp\/v2\/media?parent=123"}],"curies":[{"name":"wp","href":"https:\/\/api.w.org\/{rel}","templated":true}]}}