{"id":24,"date":"2026-05-01T16:59:41","date_gmt":"2026-05-01T16:59:41","guid":{"rendered":"https:\/\/barbarosozeller.com\/?page_id=24"},"modified":"2026-05-01T17:40:27","modified_gmt":"2026-05-01T17:40:27","slug":"iletisim","status":"publish","type":"page","link":"https:\/\/barbarosozeller.com\/index.php\/iletisim\/","title":{"rendered":"\u0130leti\u015fim"},"content":{"rendered":"<!--themify_builder_content-->\n<div id=\"themify_builder_content-24\" data-postid=\"24\" class=\"themify_builder_content themify_builder_content-24 themify_builder tf_clear\">\n                    <div  data-css_id=\"h78w340\" data-lazy=\"1\" class=\"module_row themify_builder_row fullwidth_row_container tb_h78w340 tb_first tf_w\">\n                        <div class=\"row_inner col_align_top tb_col_count_1 tf_box tf_rel\">\n                        <div  data-lazy=\"1\" class=\"module_column tb-column col-full tb_qel4340 first\">\n                    <!-- module text -->\n<div  class=\"module module-text tb_lbwo340   \" data-lazy=\"1\">\n        <div  class=\"tb_text_wrap\">\n        <p>\u00a0<\/p>\n<p>\u00a0<\/p>\n<p>\u00a0<\/p>\n<p style=\"text-align: center;\"><strong>Kickboxing \/ Muay Thai \/ Boxing \/ Self defans \/ Fitness \/CrossFit\/ Yoga &amp; Streching Bacak a\u00e7ma \/ Kilo verme<\/strong><\/p>\n<p>\u00a0<\/p>\n<p style=\"text-align: center;\"><strong>bire bir , \u00f6zel ders almak isterseniz<\/strong><\/p>\n<p style=\"text-align: center;\"><strong>\u00a0<a href=\"mailto:barbaroshoca@gmail.com\">barbaroshoca@gmail.com<\/a> adresinden ileti\u015fime ge\u00e7ebilirsiniz.<\/strong><\/p>\n<p style=\"text-align: center;\"><strong>E\u011fer mail kullanm\u0131yorsan\u0131z <a href=\"https:\/\/www.instagram.com\/barbarosozeller\/\" target=\"_blank\" rel=\"noopener\">instagram<\/a> (@barbarosozeller)\u00fczerinden dm atabilirsiniz<\/strong>.\u00a0<\/p>\n<p style=\"text-align: center;\">\u00a0<\/p>    <\/div>\n<\/div>\n<!-- \/module text -->        <\/div>\n                        <\/div>\n        <\/div>\n                        <div  data-lazy=\"1\" class=\"module_row themify_builder_row tb_8g6q469 tf_w\">\n                        <div class=\"row_inner col_align_top tb_col_count_1 tf_box tf_rel\">\n                        <div  data-lazy=\"1\" class=\"module_column tb-column col-full tb_4mcu469 first\">\n                    <!-- module contact -->\n<div  id=\"tb_i0f7587\" class=\"module module-contact tb_i0f7587 contact-style3 \" data-lazy=\"1\">\n    \n\t<form class=\"builder-contact\"\n\t\tid=\"tb_i0f7587-form\"\n\t\tmethod=\"post\"\n\t\tdata-post-id=\"24\"\n\t\tdata-element-id=\"i0f7587\"\n\t\tdata-orig-id=\"24\"\n\t>\n    <div class=\"contact-message\"><\/div>\n\t<input type=\"hidden\" id=\"bc_nonce\" name=\"bc_nonce\" value=\"3c3f62729e\" \/><input type=\"hidden\" name=\"_wp_http_referer\" value=\"\/index.php\/wp-json\/wp\/v2\/pages\/24\" \/>\t<div class=\"builder-contact-fields tf_rel\">\n\t\t    \t\t    <div class=\"builder-contact-field builder-contact-field-name builder-contact-text-field\">\n\t\t\t    <label class=\"control-label\" for=\"tb_i0f7587-contact-name\">\n\t\t\t\t\t\t\t\t\t\t<span class=\"tb-label-span\">\u0130sim <\/span><span class=\"required\">*<\/span>\t\t\t\t<\/label>\n\t\t\t    <div class=\"control-input tf_rel\">\n\t\t\t\t    \t\t\t\t\t    <input type=\"text\" name=\"contact-name\" placeholder=\"\" id=\"tb_i0f7587-contact-name\" value=\"\" class=\"form-control\" required>\n\t\t\t\t    \t\t\t\t    \t\t\t    <\/div>\n\t\t<\/div>\n\t    \n\t\t    \t\t    <div class=\"builder-contact-field builder-contact-field-email builder-contact-text-field\">\n\t\t\t    <label class=\"control-label\" for=\"tb_i0f7587-contact-email\">\n\t\t\t\t\t\t\t\t\t\t<span class=\"tb-label-span\">Email <\/span><span class=\"required\">*<\/span>\t\t\t\t<\/label>\n\t\t\t    <div class=\"control-input tf_rel\">\n\t\t\t\t    \t\t\t\t\t    <input type=\"email\" name=\"contact-email\" placeholder=\"\" id=\"tb_i0f7587-contact-email\" value=\"\" class=\"form-control\" required>\n\t\t\t\t    \t\t\t\t    \t\t\t    <\/div>\n\t\t<\/div>\n\t    \n\t\t    \t\t    <div class=\"builder-contact-field builder-contact-field-subject builder-contact-text-field\">\n\t\t\t    <label class=\"control-label\" for=\"tb_i0f7587-contact-subject\">\n\t\t\t\t\t\t\t\t\t\t<span class=\"tb-label-span\">Konu <\/span><span class=\"required\">*<\/span>\t\t\t\t<\/label>\n\t\t\t    <div class=\"control-input tf_rel\">\n\t\t\t\t    \t\t\t\t\t    <input type=\"text\" name=\"contact-subject\" placeholder=\"\" id=\"tb_i0f7587-contact-subject\" value=\"\" class=\"form-control\" required>\n\t\t\t\t    \t\t\t\t    \t\t\t    <\/div>\n\t\t<\/div>\n\t    \n\t\t    \t\t    <div class=\"builder-contact-field builder-contact-field-message builder-contact-textarea-field\">\n\t\t\t    <label class=\"control-label\" for=\"tb_i0f7587-contact-message\">\n\t\t\t\t\t\t\t\t\t\t<span class=\"tb-label-span\">Mesaj <\/span><span class=\"required\">*<\/span>\t\t\t\t<\/label>\n\t\t\t    <div class=\"control-input tf_rel\">\n\t\t\t\t    \t\t\t\t\t    <textarea name=\"contact-message\" placeholder=\"\" id=\"tb_i0f7587-contact-message\" class=\"form-control\" required><\/textarea>\n\t\t\t\t    \t\t\t\t    \t\t\t    <\/div>\n\t\t<\/div>\n\t    \n\t\t    \t\t    \t\t    <div class=\"builder-contact-field builder-contact-field-extra builder-contact-text-field builder-contact-tel-field\">\n\t\t\t\t\n\t\t\t\t<label class=\"control-label\" for=\"field_extra_tb_i0f7587_0\">\n\t\t\t\t\t\n\t\t\t\t\tTelefon\t\t\t\t\t\t\t\t\t\t\t<input type=\"hidden\" name=\"field_extra_name_0\" value=\"Telefon\">\n\t\t\t\t\t\t\t\t\t\t\t<span class=\"required\">*<\/span>\n\t\t\t\t\t\t\t\t\t<\/label>\n\t\t\t\t<div class=\"control-input tf_rel\">\n\t\t\t\t\t\t\t\t\t\t\t<input type=\"tel\" name=\"field_extra_0\" id=\"field_extra_tb_i0f7587_0\" placeholder=\"\" class=\"form-control\" required>\n\t\t\t\t\t\n\t\t\t\t\t\t\t\t\t<\/div>\n\t\t    <\/div>\n\t    \n\t\t    \t\t\n\t\t\n\t    \n\t    <div class=\"builder-contact-field builder-contact-field-send control-input tf_textl tf_clear tf_rel\">\n\t\t\t<button type=\"submit\" class=\"btn btn-primary\">\n\t\t\t\t<span class=\"tf_loader\"><\/span>\t\t\t\t<span class=\"tf_submit_icon\"><\/span> \n\t\t\t\tSend\t\t\t<\/button>\n\t    <\/div>\n\t<\/div>\n    <\/form>\n    <\/div>\n<!-- \/module contact -->\n        <\/div>\n                        <\/div>\n        <\/div>\n        <\/div>\n<!--\/themify_builder_content-->","protected":false},"excerpt":{"rendered":"<p>\u00a0 \u00a0 \u00a0 Kickboxing \/ Muay Thai \/ Boxing \/ Self defans \/ Fitness \/CrossFit\/ Yoga &amp; Streching Bacak a\u00e7ma \/ Kilo verme \u00a0 bire bir , \u00f6zel ders almak isterseniz \u00a0barbaroshoca@gmail.com adresinden ileti\u015fime ge\u00e7ebilirsiniz. E\u011fer mail kullanm\u0131yorsan\u0131z instagram (@barbarosozeller)\u00fczerinden dm atabilirsiniz.\u00a0 \u00a0<\/p>\n","protected":false},"author":1,"featured_media":0,"parent":0,"menu_order":0,"comment_status":"closed","ping_status":"closed","template":"","meta":{"footnotes":""},"class_list":["post-24","page","type-page","status-publish","hentry","has-post-title","has-post-date","has-post-category","has-post-tag","has-post-comment","has-post-author",""],"builder_content":"<p>\u00a0<\/p> <p>\u00a0<\/p> <p>\u00a0<\/p> <p style=\"text-align: center;\"><strong>Kickboxing \/ Muay Thai \/ Boxing \/ Self defans \/ Fitness \/CrossFit\/ Yoga &amp; Streching Bacak a\u00e7ma \/ Kilo verme<\/strong><\/p> <p>\u00a0<\/p> <p style=\"text-align: center;\"><strong>bire bir , \u00f6zel ders almak isterseniz<\/strong><\/p> <p style=\"text-align: center;\"><strong>\u00a0<a href=\"mailto:barbaroshoca@gmail.com\">barbaroshoca@gmail.com<\/a> adresinden ileti\u015fime ge\u00e7ebilirsiniz.<\/strong><\/p> <p style=\"text-align: center;\"><strong>E\u011fer mail kullanm\u0131yorsan\u0131z <a href=\"https:\/\/www.instagram.com\/barbarosozeller\/\">instagram<\/a> (@barbarosozeller)\u00fczerinden dm atabilirsiniz<\/strong>.\u00a0<\/p> <p style=\"text-align: center;\">\u00a0<\/p>\n<form id=\"tb_i0f7587-form\" method=\"post\" data-post-id=\"0\" data-element-id=\"i0f7587\" data-orig-id=\"24\" > <input type=\"hidden\" id=\"bc_nonce\" name=\"bc_nonce\" value=\"3c3f62729e\" \/><input type=\"hidden\" name=\"_wp_http_referer\" value=\"\/index.php\/wp-json\/wp\/v2\/pages\/24\" \/> <label for=\"tb_i0f7587-contact-name\"> \u0130sim * <\/label> <input type=\"text\" name=\"contact-name\" placeholder=\"\" id=\"tb_i0f7587-contact-name\" value=\"\" required> <label for=\"tb_i0f7587-contact-email\"> Email * <\/label> <input type=\"email\" name=\"contact-email\" placeholder=\"\" id=\"tb_i0f7587-contact-email\" value=\"\" required> <label for=\"tb_i0f7587-contact-subject\"> Konu * <\/label> <input type=\"text\" name=\"contact-subject\" placeholder=\"\" id=\"tb_i0f7587-contact-subject\" value=\"\" required> <label for=\"tb_i0f7587-contact-message\"> Mesaj * <\/label> <textarea name=\"contact-message\" placeholder=\"\" id=\"tb_i0f7587-contact-message\" required><\/textarea> <label for=\"field_extra_tb_i0f7587_0\"> Telefon <input type=\"hidden\" name=\"field_extra_name_0\" value=\"Telefon\"> * <\/label> <input type=\"tel\" name=\"field_extra_0\" id=\"field_extra_tb_i0f7587_0\" placeholder=\"\" required> <button type=\"submit\"> Send <\/button> <\/form>","_links":{"self":[{"href":"https:\/\/barbarosozeller.com\/index.php\/wp-json\/wp\/v2\/pages\/24","targetHints":{"allow":["GET"]}}],"collection":[{"href":"https:\/\/barbarosozeller.com\/index.php\/wp-json\/wp\/v2\/pages"}],"about":[{"href":"https:\/\/barbarosozeller.com\/index.php\/wp-json\/wp\/v2\/types\/page"}],"author":[{"embeddable":true,"href":"https:\/\/barbarosozeller.com\/index.php\/wp-json\/wp\/v2\/users\/1"}],"replies":[{"embeddable":true,"href":"https:\/\/barbarosozeller.com\/index.php\/wp-json\/wp\/v2\/comments?post=24"}],"version-history":[{"count":4,"href":"https:\/\/barbarosozeller.com\/index.php\/wp-json\/wp\/v2\/pages\/24\/revisions"}],"predecessor-version":[{"id":61,"href":"https:\/\/barbarosozeller.com\/index.php\/wp-json\/wp\/v2\/pages\/24\/revisions\/61"}],"wp:attachment":[{"href":"https:\/\/barbarosozeller.com\/index.php\/wp-json\/wp\/v2\/media?parent=24"}],"curies":[{"name":"wp","href":"https:\/\/api.w.org\/{rel}","templated":true}]}}